{"id":98,"date":"2024-11-25T05:53:41","date_gmt":"2024-11-25T05:53:41","guid":{"rendered":"https:\/\/celebreiros.org.br\/educomlab\/?page_id=98"},"modified":"2025-11-10T14:45:07","modified_gmt":"2025-11-10T14:45:07","slug":"home","status":"publish","type":"page","link":"https:\/\/celebreiros.org.br\/educomlab\/","title":{"rendered":"Home"},"content":{"rendered":"\t\t<div data-elementor-type=\"wp-page\" data-elementor-id=\"98\" class=\"elementor elementor-98\" data-elementor-post-type=\"page\">\n\t\t\t\t<div class=\"elementor-element elementor-element-352b2be e-flex e-con-boxed e-con e-parent\" data-id=\"352b2be\" data-element_type=\"container\">\n\t\t\t\t\t<div class=\"e-con-inner\">\n\t\t\t\t<div class=\"elementor-element elementor-element-088fd64 elementor-nav-menu__align-center elementor-nav-menu--stretch elementor-nav-menu__text-align-center elementor-nav-menu--dropdown-tablet elementor-nav-menu--toggle elementor-nav-menu--burger elementor-widget elementor-widget-nav-menu\" data-id=\"088fd64\" data-element_type=\"widget\" data-settings=\"{&quot;full_width&quot;:&quot;stretch&quot;,&quot;layout&quot;:&quot;horizontal&quot;,&quot;submenu_icon&quot;:{&quot;value&quot;:&quot;&lt;svg class=\\&quot;e-font-icon-svg e-fas-caret-down\\&quot; viewBox=\\&quot;0 0 320 512\\&quot; xmlns=\\&quot;http:\\\/\\\/www.w3.org\\\/2000\\\/svg\\&quot;&gt;&lt;path d=\\&quot;M31.3 192h257.3c17.8 0 26.7 21.5 14.1 34.1L174.1 354.8c-7.8 7.8-20.5 7.8-28.3 0L17.2 226.1C4.6 213.5 13.5 192 31.3 192z\\&quot;&gt;&lt;\\\/path&gt;&lt;\\\/svg&gt;&quot;,&quot;library&quot;:&quot;fa-solid&quot;},&quot;toggle&quot;:&quot;burger&quot;}\" data-widget_type=\"nav-menu.default\">\n\t\t\t\t<div class=\"elementor-widget-container\">\n\t\t\t\t\t\t\t\t<nav aria-label=\"Menu\" class=\"elementor-nav-menu--main elementor-nav-menu__container elementor-nav-menu--layout-horizontal e--pointer-underline e--animation-fade\">\n\t\t\t\t<ul id=\"menu-1-088fd64\" class=\"elementor-nav-menu\"><li class=\"menu-item menu-item-type-post_type menu-item-object-page menu-item-home menu-item-105\"><a href=\"https:\/\/celebreiros.org.br\/educomlab\/\" onClick=\"return true\" class=\"elementor-item\">Home<\/a><\/li>\n<li class=\"menu-item menu-item-type-post_type menu-item-object-courses menu-item-205\"><a href=\"https:\/\/celebreiros.org.br\/educomlab\/courses\/producao-audivisual-2-2-2-2\/\" onClick=\"return true\" class=\"elementor-item\">Cursos<\/a><\/li>\n<li class=\"menu-item menu-item-type-post_type menu-item-object-page menu-item-168\"><a href=\"https:\/\/celebreiros.org.br\/educomlab\/painel-de-controle\/\" onClick=\"return true\" class=\"elementor-item\">Painel<\/a><\/li>\n<li class=\"menu-item menu-item-type-post_type menu-item-object-page menu-item-167\"><a href=\"https:\/\/celebreiros.org.br\/educomlab\/pagina-de-cadastro-de-aluno\/\" onClick=\"return true\" class=\"elementor-item\">Cadastro de aluno<\/a><\/li>\n<li class=\"menu-item menu-item-type-post_type menu-item-object-page menu-item-169\"><a href=\"https:\/\/celebreiros.org.br\/educomlab\/tutor-login\/\" onClick=\"return true\" class=\"elementor-item\">Login<\/a><\/li>\n<\/ul>\t\t\t<\/nav>\n\t\t\t\t\t<div class=\"elementor-menu-toggle\" role=\"button\" tabindex=\"0\" aria-label=\"Alternar menu\" aria-expanded=\"false\">\n\t\t\t<svg aria-hidden=\"true\" role=\"presentation\" class=\"elementor-menu-toggle__icon--open e-font-icon-svg e-eicon-menu-bar\" viewBox=\"0 0 1000 1000\" xmlns=\"http:\/\/www.w3.org\/2000\/svg\"><path d=\"M104 333H896C929 333 958 304 958 271S929 208 896 208H104C71 208 42 237 42 271S71 333 104 333ZM104 583H896C929 583 958 554 958 521S929 458 896 458H104C71 458 42 487 42 521S71 583 104 583ZM104 833H896C929 833 958 804 958 771S929 708 896 708H104C71 708 42 737 42 771S71 833 104 833Z\"><\/path><\/svg><svg aria-hidden=\"true\" role=\"presentation\" class=\"elementor-menu-toggle__icon--close e-font-icon-svg e-eicon-close\" viewBox=\"0 0 1000 1000\" xmlns=\"http:\/\/www.w3.org\/2000\/svg\"><path d=\"M742 167L500 408 258 167C246 154 233 150 217 150 196 150 179 158 167 167 154 179 150 196 150 212 150 229 154 242 171 254L408 500 167 742C138 771 138 800 167 829 196 858 225 858 254 829L496 587 738 829C750 842 767 846 783 846 800 846 817 842 829 829 842 817 846 804 846 783 846 767 842 750 829 737L588 500 833 258C863 229 863 200 833 171 804 137 775 137 742 167Z\"><\/path><\/svg>\t\t<\/div>\n\t\t\t\t\t<nav class=\"elementor-nav-menu--dropdown elementor-nav-menu__container\" aria-hidden=\"true\">\n\t\t\t\t<ul id=\"menu-2-088fd64\" class=\"elementor-nav-menu\"><li class=\"menu-item menu-item-type-post_type menu-item-object-page menu-item-home menu-item-105\"><a href=\"https:\/\/celebreiros.org.br\/educomlab\/\" onClick=\"return true\" class=\"elementor-item\" tabindex=\"-1\">Home<\/a><\/li>\n<li class=\"menu-item menu-item-type-post_type menu-item-object-courses menu-item-205\"><a href=\"https:\/\/celebreiros.org.br\/educomlab\/courses\/producao-audivisual-2-2-2-2\/\" onClick=\"return true\" class=\"elementor-item\" tabindex=\"-1\">Cursos<\/a><\/li>\n<li class=\"menu-item menu-item-type-post_type menu-item-object-page menu-item-168\"><a href=\"https:\/\/celebreiros.org.br\/educomlab\/painel-de-controle\/\" onClick=\"return true\" class=\"elementor-item\" tabindex=\"-1\">Painel<\/a><\/li>\n<li class=\"menu-item menu-item-type-post_type menu-item-object-page menu-item-167\"><a href=\"https:\/\/celebreiros.org.br\/educomlab\/pagina-de-cadastro-de-aluno\/\" onClick=\"return true\" class=\"elementor-item\" tabindex=\"-1\">Cadastro de aluno<\/a><\/li>\n<li class=\"menu-item menu-item-type-post_type menu-item-object-page menu-item-169\"><a href=\"https:\/\/celebreiros.org.br\/educomlab\/tutor-login\/\" onClick=\"return true\" class=\"elementor-item\" tabindex=\"-1\">Login<\/a><\/li>\n<\/ul>\t\t\t<\/nav>\n\t\t\t\t\t\t<\/div>\n\t\t\t\t<\/div>\n\t\t\t\t<div class=\"elementor-element elementor-element-13322db elementor-widget elementor-widget-spacer\" data-id=\"13322db\" data-element_type=\"widget\" data-widget_type=\"spacer.default\">\n\t\t\t\t<div class=\"elementor-widget-container\">\n\t\t\t\t\t\t\t<div class=\"elementor-spacer\">\n\t\t\t<div class=\"elementor-spacer-inner\"><\/div>\n\t\t<\/div>\n\t\t\t\t\t\t<\/div>\n\t\t\t\t<\/div>\n\t\t\t\t<div class=\"elementor-element elementor-element-1317c40 elementor-widget elementor-widget-image\" data-id=\"1317c40\" data-element_type=\"widget\" data-widget_type=\"image.default\">\n\t\t\t\t<div class=\"elementor-widget-container\">\n\t\t\t\t\t\t\t\t\t\t\t\t\t\t\t<img fetchpriority=\"high\" decoding=\"async\" width=\"676\" height=\"300\" src=\"https:\/\/celebreiros.org.br\/educomlab\/wp-content\/uploads\/2024\/07\/logo-Educomlab-169x75-1-gigapixel-art-scale-4_00x.png\" class=\"attachment-large size-large wp-image-16\" alt=\"\" srcset=\"https:\/\/celebreiros.org.br\/educomlab\/wp-content\/uploads\/2024\/07\/logo-Educomlab-169x75-1-gigapixel-art-scale-4_00x.png 676w, https:\/\/celebreiros.org.br\/educomlab\/wp-content\/uploads\/2024\/07\/logo-Educomlab-169x75-1-gigapixel-art-scale-4_00x-300x133.png 300w\" sizes=\"(max-width: 676px) 100vw, 676px\" \/>\t\t\t\t\t\t\t\t\t\t\t\t\t\t\t<\/div>\n\t\t\t\t<\/div>\n\t\t\t\t<div class=\"elementor-element elementor-element-ce4c2d0 elementor-widget elementor-widget-spacer\" data-id=\"ce4c2d0\" data-element_type=\"widget\" data-widget_type=\"spacer.default\">\n\t\t\t\t<div class=\"elementor-widget-container\">\n\t\t\t\t\t\t\t<div class=\"elementor-spacer\">\n\t\t\t<div class=\"elementor-spacer-inner\"><\/div>\n\t\t<\/div>\n\t\t\t\t\t\t<\/div>\n\t\t\t\t<\/div>\n\t\t\t\t<div class=\"elementor-element elementor-element-900280f elementor-widget elementor-widget-text-editor\" data-id=\"900280f\" data-element_type=\"widget\" data-widget_type=\"text-editor.default\">\n\t\t\t\t<div class=\"elementor-widget-container\">\n\t\t\t\t\t\t\t\t\t<p style=\"text-align: center;\"><strong>O EducomLab \u00e9 uma plataforma (EAD \u2013 Ensino \u00e0 Dist\u00e2ncia) em v\u00eddeo aulas e workshops explicativos e exerc\u00edcios pr\u00e1ticos para ajudar aqueles que querem fazer seu canal no youtube, produzir videoclipes, curtas metragens, programas de TV ou at\u00e9 mesmo melhorar seu desempenho dentro da escola. Essa plataforma tamb\u00e9m \u00e9 voltada para forma\u00e7\u00e3o de professores em educomunica\u00e7\u00e3o, colaborando assim para o desenvolvimento de estrat\u00e9gias pedag\u00f3gicas na educa\u00e7\u00e3o b\u00e1sica.<\/strong><\/p>\t\t\t\t\t\t\t\t<\/div>\n\t\t\t\t<\/div>\n\t\t\t\t<div class=\"elementor-element elementor-element-3beb5d3 elementor-widget elementor-widget-spacer\" data-id=\"3beb5d3\" data-element_type=\"widget\" data-widget_type=\"spacer.default\">\n\t\t\t\t<div class=\"elementor-widget-container\">\n\t\t\t\t\t\t\t<div class=\"elementor-spacer\">\n\t\t\t<div class=\"elementor-spacer-inner\"><\/div>\n\t\t<\/div>\n\t\t\t\t\t\t<\/div>\n\t\t\t\t<\/div>\n\t\t\t\t<div class=\"elementor-element elementor-element-93ce7e1 elementor-widget elementor-widget-heading\" data-id=\"93ce7e1\" data-element_type=\"widget\" data-settings=\"{&quot;motion_fx_motion_fx_scrolling&quot;:&quot;yes&quot;,&quot;motion_fx_scale_effect&quot;:&quot;yes&quot;,&quot;motion_fx_scale_direction&quot;:&quot;out-in-out&quot;,&quot;motion_fx_scale_range&quot;:{&quot;unit&quot;:&quot;%&quot;,&quot;size&quot;:&quot;&quot;,&quot;sizes&quot;:{&quot;start&quot;:26,&quot;end&quot;:100}},&quot;motion_fx_motion_fx_mouse&quot;:&quot;yes&quot;,&quot;motion_fx_scale_speed&quot;:{&quot;unit&quot;:&quot;px&quot;,&quot;size&quot;:4,&quot;sizes&quot;:[]},&quot;motion_fx_devices&quot;:[&quot;desktop&quot;,&quot;tablet&quot;,&quot;mobile&quot;]}\" data-widget_type=\"heading.default\">\n\t\t\t\t<div class=\"elementor-widget-container\">\n\t\t\t\t\t<h1 class=\"elementor-heading-title elementor-size-default\"><a href=\"https:\/\/celebreiros.org.br\/educomlab\/courses\/producao-audivisual-2-2-2-2\/\">CLIQUE AQUI PARA SE INSCREVER<\/a><\/h1>\t\t\t\t<\/div>\n\t\t\t\t<\/div>\n\t\t\t\t<div class=\"elementor-element elementor-element-e9cf829 elementor-widget elementor-widget-video\" data-id=\"e9cf829\" data-element_type=\"widget\" data-settings=\"{&quot;video_type&quot;:&quot;hosted&quot;,&quot;autoplay&quot;:&quot;yes&quot;,&quot;play_on_mobile&quot;:&quot;yes&quot;,&quot;mute&quot;:&quot;yes&quot;,&quot;loop&quot;:&quot;yes&quot;,&quot;controls&quot;:&quot;yes&quot;}\" data-widget_type=\"video.default\">\n\t\t\t\t<div class=\"elementor-widget-container\">\n\t\t\t\t\t\t\t<div class=\"e-hosted-video elementor-wrapper elementor-open-inline\">\n\t\t\t\t\t<video class=\"elementor-video\" src=\"http:\/\/celebreiros.org.br\/educomlab\/wp-content\/uploads\/2025\/01\/insc2.mp4\" autoplay=\"\" loop=\"\" controls=\"\" muted=\"muted\" playsinline=\"\" controlsList=\"nodownload\"><\/video>\n\t\t\t\t<\/div>\n\t\t\t\t\t\t<\/div>\n\t\t\t\t<\/div>\n\t\t\t\t<div class=\"elementor-element elementor-element-1a6082b elementor-widget elementor-widget-spacer\" data-id=\"1a6082b\" data-element_type=\"widget\" data-widget_type=\"spacer.default\">\n\t\t\t\t<div class=\"elementor-widget-container\">\n\t\t\t\t\t\t\t<div class=\"elementor-spacer\">\n\t\t\t<div class=\"elementor-spacer-inner\"><\/div>\n\t\t<\/div>\n\t\t\t\t\t\t<\/div>\n\t\t\t\t<\/div>\n\t\t\t\t\t<\/div>\n\t\t\t\t<\/div>\n\t\t<div class=\"elementor-element elementor-element-e243813 e-flex e-con-boxed e-con e-parent\" data-id=\"e243813\" data-element_type=\"container\">\n\t\t\t\t\t<div class=\"e-con-inner\">\n\t\t<div class=\"elementor-element elementor-element-c5e501c e-con-full e-flex e-con e-child\" data-id=\"c5e501c\" data-element_type=\"container\">\n\t\t\t\t<div class=\"elementor-element elementor-element-74bdf30 elementor-widget elementor-widget-video\" data-id=\"74bdf30\" data-element_type=\"widget\" data-settings=\"{&quot;youtube_url&quot;:&quot;https:\\\/\\\/www.youtube.com\\\/watch?v=42dolKLwPo8&quot;,&quot;video_type&quot;:&quot;youtube&quot;,&quot;controls&quot;:&quot;yes&quot;}\" data-widget_type=\"video.default\">\n\t\t\t\t<div class=\"elementor-widget-container\">\n\t\t\t\t\t\t\t<div class=\"elementor-wrapper elementor-open-inline\">\n\t\t\t<div class=\"elementor-video\"><\/div>\t\t<\/div>\n\t\t\t\t\t\t<\/div>\n\t\t\t\t<\/div>\n\t\t\t\t<\/div>\n\t\t<div class=\"elementor-element elementor-element-c65343c e-con-full e-flex e-con e-child\" data-id=\"c65343c\" data-element_type=\"container\">\n\t\t<div class=\"elementor-element elementor-element-03d15a0 e-con-full e-flex e-con e-child\" data-id=\"03d15a0\" data-element_type=\"container\">\n\t\t\t\t<div class=\"elementor-element elementor-element-31719b5 elementor-widget elementor-widget-video\" data-id=\"31719b5\" data-element_type=\"widget\" data-settings=\"{&quot;youtube_url&quot;:&quot;https:\\\/\\\/www.youtube.com\\\/watch?v=2-3ambEz2ts&quot;,&quot;video_type&quot;:&quot;youtube&quot;,&quot;controls&quot;:&quot;yes&quot;}\" data-widget_type=\"video.default\">\n\t\t\t\t<div class=\"elementor-widget-container\">\n\t\t\t\t\t\t\t<div class=\"elementor-wrapper elementor-open-inline\">\n\t\t\t<div class=\"elementor-video\"><\/div>\t\t<\/div>\n\t\t\t\t\t\t<\/div>\n\t\t\t\t<\/div>\n\t\t\t\t<\/div>\n\t\t<div class=\"elementor-element elementor-element-775a443 e-con-full e-flex e-con e-child\" data-id=\"775a443\" data-element_type=\"container\">\n\t\t\t\t<\/div>\n\t\t\t\t<\/div>\n\t\t\t\t\t<\/div>\n\t\t\t\t<\/div>\n\t\t<div class=\"elementor-element elementor-element-b17d22f e-grid e-con-boxed e-con e-parent\" data-id=\"b17d22f\" data-element_type=\"container\">\n\t\t\t\t\t<div class=\"e-con-inner\">\n\t\t\t\t<div class=\"elementor-element elementor-element-7d9d89b elementor-widget elementor-widget-heading\" data-id=\"7d9d89b\" data-element_type=\"widget\" data-widget_type=\"heading.default\">\n\t\t\t\t<div class=\"elementor-widget-container\">\n\t\t\t\t\t<h2 class=\"elementor-heading-title elementor-size-default\">Realiza\u00e7\u00e3o<\/h2>\t\t\t\t<\/div>\n\t\t\t\t<\/div>\n\t\t\t\t<div class=\"elementor-element elementor-element-a3ca0c2 elementor-widget elementor-widget-heading\" data-id=\"a3ca0c2\" data-element_type=\"widget\" data-widget_type=\"heading.default\">\n\t\t\t\t<div class=\"elementor-widget-container\">\n\t\t\t\t\t<h2 class=\"elementor-heading-title elementor-size-default\">Apoio<\/h2>\t\t\t\t<\/div>\n\t\t\t\t<\/div>\n\t\t\t\t<div class=\"elementor-element elementor-element-66bdca4 elementor-widget elementor-widget-heading\" data-id=\"66bdca4\" data-element_type=\"widget\" data-widget_type=\"heading.default\">\n\t\t\t\t<div class=\"elementor-widget-container\">\n\t\t\t\t\t<h2 class=\"elementor-heading-title elementor-size-default\"><a href=\"https:\/\/petrobras.com.br\/\">Parceria<\/a><\/h2>\t\t\t\t<\/div>\n\t\t\t\t<\/div>\n\t\t\t\t\t<\/div>\n\t\t\t\t<\/div>\n\t\t<div class=\"elementor-element elementor-element-18244f3 e-grid e-con-boxed e-con e-parent\" data-id=\"18244f3\" data-element_type=\"container\">\n\t\t\t\t\t<div class=\"e-con-inner\">\n\t\t\t\t<div class=\"elementor-element elementor-element-60319db elementor-widget elementor-widget-image\" data-id=\"60319db\" data-element_type=\"widget\" data-widget_type=\"image.default\">\n\t\t\t\t<div class=\"elementor-widget-container\">\n\t\t\t\t\t\t\t\t\t\t\t\t\t\t\t\t<a href=\"https:\/\/celebreiros.org.br\/\">\n\t\t\t\t\t\t\t<img decoding=\"async\" width=\"800\" height=\"502\" src=\"https:\/\/celebreiros.org.br\/educomlab\/wp-content\/uploads\/2025\/11\/celebreiros-Vert-1024x643.png\" class=\"attachment-large size-large wp-image-239\" alt=\"\" srcset=\"https:\/\/celebreiros.org.br\/educomlab\/wp-content\/uploads\/2025\/11\/celebreiros-Vert-1024x643.png 1024w, https:\/\/celebreiros.org.br\/educomlab\/wp-content\/uploads\/2025\/11\/celebreiros-Vert-300x188.png 300w, https:\/\/celebreiros.org.br\/educomlab\/wp-content\/uploads\/2025\/11\/celebreiros-Vert-768x482.png 768w, https:\/\/celebreiros.org.br\/educomlab\/wp-content\/uploads\/2025\/11\/celebreiros-Vert.png 1115w\" sizes=\"(max-width: 800px) 100vw, 800px\" \/>\t\t\t\t\t\t\t\t<\/a>\n\t\t\t\t\t\t\t\t\t\t\t\t\t\t\t<\/div>\n\t\t\t\t<\/div>\n\t\t\t\t<div class=\"elementor-element elementor-element-e37a95a elementor-widget elementor-widget-image\" data-id=\"e37a95a\" data-element_type=\"widget\" data-widget_type=\"image.default\">\n\t\t\t\t<div class=\"elementor-widget-container\">\n\t\t\t\t\t\t\t\t\t\t\t\t\t\t\t\t<a href=\"https:\/\/www.cmdca.org.br\/site\/\">\n\t\t\t\t\t\t\t<img decoding=\"async\" width=\"577\" height=\"206\" src=\"https:\/\/celebreiros.org.br\/educomlab\/wp-content\/uploads\/2025\/11\/cmdca-org-300dpi.jpg\" class=\"attachment-large size-large wp-image-242\" alt=\"\" srcset=\"https:\/\/celebreiros.org.br\/educomlab\/wp-content\/uploads\/2025\/11\/cmdca-org-300dpi.jpg 577w, https:\/\/celebreiros.org.br\/educomlab\/wp-content\/uploads\/2025\/11\/cmdca-org-300dpi-300x107.jpg 300w\" sizes=\"(max-width: 577px) 100vw, 577px\" \/>\t\t\t\t\t\t\t\t<\/a>\n\t\t\t\t\t\t\t\t\t\t\t\t\t\t\t<\/div>\n\t\t\t\t<\/div>\n\t\t\t\t<div class=\"elementor-element elementor-element-71362bf elementor-widget elementor-widget-image\" data-id=\"71362bf\" data-element_type=\"widget\" data-widget_type=\"image.default\">\n\t\t\t\t<div class=\"elementor-widget-container\">\n\t\t\t\t\t\t\t\t\t\t\t\t\t\t\t\t<a href=\"https:\/\/www.edp.com.br\/\">\n\t\t\t\t\t\t\t<img loading=\"lazy\" decoding=\"async\" width=\"800\" height=\"299\" src=\"https:\/\/celebreiros.org.br\/educomlab\/wp-content\/uploads\/2025\/11\/EDP_Group_MasterLogo_CMYK_Dark_POS-1024x383.jpg\" class=\"attachment-large size-large wp-image-241\" alt=\"\" srcset=\"https:\/\/celebreiros.org.br\/educomlab\/wp-content\/uploads\/2025\/11\/EDP_Group_MasterLogo_CMYK_Dark_POS-1024x383.jpg 1024w, https:\/\/celebreiros.org.br\/educomlab\/wp-content\/uploads\/2025\/11\/EDP_Group_MasterLogo_CMYK_Dark_POS-300x112.jpg 300w, https:\/\/celebreiros.org.br\/educomlab\/wp-content\/uploads\/2025\/11\/EDP_Group_MasterLogo_CMYK_Dark_POS-768x287.jpg 768w, https:\/\/celebreiros.org.br\/educomlab\/wp-content\/uploads\/2025\/11\/EDP_Group_MasterLogo_CMYK_Dark_POS-1536x574.jpg 1536w, https:\/\/celebreiros.org.br\/educomlab\/wp-content\/uploads\/2025\/11\/EDP_Group_MasterLogo_CMYK_Dark_POS-2048x765.jpg 2048w\" sizes=\"(max-width: 800px) 100vw, 800px\" \/>\t\t\t\t\t\t\t\t<\/a>\n\t\t\t\t\t\t\t\t\t\t\t\t\t\t\t<\/div>\n\t\t\t\t<\/div>\n\t\t\t\t<div class=\"elementor-element elementor-element-f6554f9 elementor-widget elementor-widget-image\" data-id=\"f6554f9\" data-element_type=\"widget\" data-widget_type=\"image.default\">\n\t\t\t\t<div class=\"elementor-widget-container\">\n\t\t\t\t\t\t\t\t\t\t\t\t\t\t\t<img loading=\"lazy\" decoding=\"async\" width=\"300\" height=\"59\" src=\"https:\/\/celebreiros.org.br\/educomlab\/wp-content\/uploads\/2025\/11\/LOGO-PETROBRAS-768x150-1-300x59-1.png\" class=\"attachment-large size-large wp-image-240\" alt=\"\" \/>\t\t\t\t\t\t\t\t\t\t\t\t\t\t\t<\/div>\n\t\t\t\t<\/div>\n\t\t\t\t\t<\/div>\n\t\t\t\t<\/div>\n\t\t\t\t<\/div>\n\t\t","protected":false},"excerpt":{"rendered":"<p>O EducomLab \u00e9 uma plataforma (EAD \u2013 Ensino \u00e0 Dist\u00e2ncia) em v\u00eddeo aulas e workshops explicativos e exerc\u00edcios pr\u00e1ticos para ajudar aqueles que querem fazer seu canal no youtube, produzir videoclipes, curtas metragens, programas de TV ou at\u00e9 mesmo melhorar seu desempenho dentro da escola. Essa plataforma tamb\u00e9m \u00e9 voltada para forma\u00e7\u00e3o de professores em [&hellip;]<\/p>\n","protected":false},"author":2,"featured_media":0,"parent":0,"menu_order":0,"comment_status":"closed","ping_status":"closed","template":"elementor_header_footer","meta":{"footnotes":""},"class_list":["post-98","page","type-page","status-publish","hentry"],"aioseo_notices":[],"_links":{"self":[{"href":"https:\/\/celebreiros.org.br\/educomlab\/wp-json\/wp\/v2\/pages\/98","targetHints":{"allow":["GET"]}}],"collection":[{"href":"https:\/\/celebreiros.org.br\/educomlab\/wp-json\/wp\/v2\/pages"}],"about":[{"href":"https:\/\/celebreiros.org.br\/educomlab\/wp-json\/wp\/v2\/types\/page"}],"author":[{"embeddable":true,"href":"https:\/\/celebreiros.org.br\/educomlab\/wp-json\/wp\/v2\/users\/2"}],"replies":[{"embeddable":true,"href":"https:\/\/celebreiros.org.br\/educomlab\/wp-json\/wp\/v2\/comments?post=98"}],"version-history":[{"count":28,"href":"https:\/\/celebreiros.org.br\/educomlab\/wp-json\/wp\/v2\/pages\/98\/revisions"}],"predecessor-version":[{"id":250,"href":"https:\/\/celebreiros.org.br\/educomlab\/wp-json\/wp\/v2\/pages\/98\/revisions\/250"}],"wp:attachment":[{"href":"https:\/\/celebreiros.org.br\/educomlab\/wp-json\/wp\/v2\/media?parent=98"}],"curies":[{"name":"wp","href":"https:\/\/api.w.org\/{rel}","templated":true}]}}